{"id":212,"date":"2022-03-10T14:08:19","date_gmt":"2022-03-10T13:08:19","guid":{"rendered":"https:\/\/test.impulsis.ch\/sgqt\/?page_id=212"},"modified":"2022-11-04T08:42:34","modified_gmt":"2022-11-04T07:42:34","slug":"ueber-qigong-taijiquan","status":"publish","type":"page","link":"https:\/\/mail.sgqt.ch\/fr\/ueber-qigong-taijiquan\/","title":{"rendered":"\u00c0 propos du Qigong et du Taijiquan"},"content":{"rendered":"<h1 class=\"wp-block-heading\">\u00c0 propos du Qigong et du Taijiquan<\/h1>\n\n\n\n<figure class=\"wp-block-image size-full\"><img loading=\"lazy\" decoding=\"async\" width=\"2080\" height=\"1362\" src=\"https:\/\/sgqt.ch\/wp-content\/uploads\/2022\/03\/ueberqigong_gross@2x.jpg\" alt=\"\" class=\"wp-image-295\" srcset=\"https:\/\/mail.sgqt.ch\/wp-content\/uploads\/2022\/03\/ueberqigong_gross@2x.jpg 2080w, https:\/\/mail.sgqt.ch\/wp-content\/uploads\/2022\/03\/ueberqigong_gross@2x-300x196.jpg 300w, https:\/\/mail.sgqt.ch\/wp-content\/uploads\/2022\/03\/ueberqigong_gross@2x-1024x671.jpg 1024w, https:\/\/mail.sgqt.ch\/wp-content\/uploads\/2022\/03\/ueberqigong_gross@2x-1536x1006.jpg 1536w, https:\/\/mail.sgqt.ch\/wp-content\/uploads\/2022\/03\/ueberqigong_gross@2x-2048x1341.jpg 2048w, https:\/\/mail.sgqt.ch\/wp-content\/uploads\/2022\/03\/ueberqigong_gross@2x-18x12.jpg 18w, https:\/\/mail.sgqt.ch\/wp-content\/uploads\/2022\/03\/ueberqigong_gross@2x-300x196@2x.jpg 600w, https:\/\/mail.sgqt.ch\/wp-content\/uploads\/2022\/03\/ueberqigong_gross@2x-18x12@2x.jpg 36w\" sizes=\"auto, (max-width: 2080px) 100vw, 2080px\" \/><\/figure>\n\n\n\n<p><mark style=\"background-color:rgba(0, 0, 0, 0)\" class=\"has-inline-color has-heading-text-color\">Qigong (Qi Gong, Chi Kung)<\/mark><br>Le Qigong est un terme qui regroupe toutes les pratiques en lien avec le Qi. Pour simplifier, on peut traduire le mot Qigong par \u00ab travailler avec le Qi \u00bb, \u00ab Diriger le Qi \u00bb, ou \u00ab R\u00e9guler le Qi \u00bb. Le Qigong se divise en formes immobiles ou en mouvement. Tous les exercices de Qigong ont une influence sur le corps, l\u2019esprit et les \u00e9motions. Selon l\u2019objectif poursuivi, on distingue diff\u00e9rents courants, tels que le Qigong m\u00e9dical, le Qigong pour le maintien de la sant\u00e9 (pr\u00e9vention), le Qigong de d\u00e9veloppement personnel et le Qigong d\u00e9di\u00e9 aux arts martiaux.<\/p>\n\n\n\n<p><a href=\"https:\/\/sgqt.ch\/wp-content\/uploads\/2023\/03\/SGQT_Qigong_PDF_f.pdf\">Plus d\u2019informations sur le Qigong (PDF)<\/a><\/p>\n\n\n\n<p><mark style=\"background-color:rgba(0, 0, 0, 0)\" class=\"has-inline-color has-heading-text-color\">Taijiquan (Taiji, Tai Ji, Tai Chi)<\/mark><br>Con\u00e7u initialement comme une technique de combat mise au point dans la Chine du 17\u00e8me si\u00e8cle, cet art aux mouvements souples et doux s\u2019est peu \u00e0 peu r\u00e9pandu au monde entier et est aujourd\u2019hui \u00e9galement pratiqu\u00e9 dans un but pr\u00e9ventif et m\u00e9ditatif par des personnes de tous les \u00e2ges.<\/p>\n\n\n\n<p>Le Taijiquan renforce la vitalit\u00e9 et r\u00e9gule la circulation sanguine. Il promeut la motricit\u00e9, la coordination et l\u2019\u00e9quilibre. Une pratique r\u00e9guli\u00e8re du Taijiquan r\u00e9gule les tensions et a un effet de centrage puissant sur le corps et l\u2019esprit.<\/p>\n\n\n\n<p><a href=\"https:\/\/sgqt.ch\/wp-content\/uploads\/2023\/03\/SGQT_Taiji_PDF_f.pdf\">Plus d\u2019informations sur le Taijiquan (PDF)<\/a><\/p>","protected":false},"excerpt":{"rendered":"<p>\u00dcber Qigong &amp; Taijiquan Qigong (Qi Gong, Chi Kung)Qigong ist eine chinesische Bezeichnung f\u00fcr alle \u00dcbungsformen, die mit Qi zu &#8230; <br \/><a class=\"read-more\" href=\"https:\/\/mail.sgqt.ch\/fr\/ueber-qigong-taijiquan\/\">Read More<\/a><\/p>","protected":false},"author":1,"featured_media":324,"parent":0,"menu_order":20,"comment_status":"closed","ping_status":"closed","template":"","meta":{"_acf_changed":false,"footnotes":""},"class_list":["post-212","page","type-page","status-publish","has-post-thumbnail","hentry"],"acf":[],"yoast_head":"<!-- This site is optimized with the Yoast SEO plugin v27.4 - https:\/\/yoast.com\/product\/yoast-seo-wordpress\/ -->\n<title>\u00dcber Qigong &amp; Taijiquan | SGQT<\/title>\n<meta name=\"robots\" content=\"index, follow, max-snippet:-1, max-image-preview:large, max-video-preview:-1\" \/>\n<link rel=\"canonical\" href=\"https:\/\/sgqt.ch\/ueber-qigong-taijiquan\/\" \/>\n<meta property=\"og:locale\" content=\"fr_FR\" \/>\n<meta property=\"og:type\" content=\"article\" \/>\n<meta property=\"og:title\" content=\"\u00dcber Qigong &amp; Taijiquan | SGQT\" \/>\n<meta property=\"og:description\" content=\"\u00dcber Qigong &amp; Taijiquan Qigong (Qi Gong, Chi Kung)Qigong ist eine chinesische Bezeichnung f\u00fcr alle \u00dcbungsformen, die mit Qi zu ... Read More\" \/>\n<meta property=\"og:url\" content=\"https:\/\/sgqt.ch\/ueber-qigong-taijiquan\/\" \/>\n<meta property=\"og:site_name\" content=\"SGQT\" \/>\n<meta property=\"article:modified_time\" content=\"2022-11-04T07:42:34+00:00\" \/>\n<meta property=\"og:image\" content=\"https:\/\/sgqt.ch\/wp-content\/uploads\/2022\/03\/sgqt_ueberqigong_klein@2x.jpg\" \/>\n\t<meta property=\"og:image:width\" content=\"800\" \/>\n\t<meta property=\"og:image:height\" content=\"520\" \/>\n\t<meta property=\"og:image:type\" content=\"image\/jpeg\" \/>\n<meta name=\"twitter:card\" content=\"summary_large_image\" \/>\n<meta name=\"twitter:label1\" content=\"Est. reading time\" \/>\n\t<meta name=\"twitter:data1\" content=\"1 minute\" \/>\n<script type=\"application\/ld+json\" class=\"yoast-schema-graph\">{\"@context\":\"https:\\\/\\\/schema.org\",\"@graph\":[{\"@type\":\"WebPage\",\"@id\":\"https:\\\/\\\/sgqt.ch\\\/ueber-qigong-taijiquan\\\/\",\"url\":\"https:\\\/\\\/sgqt.ch\\\/ueber-qigong-taijiquan\\\/\",\"name\":\"\u00dcber Qigong & Taijiquan | SGQT\",\"isPartOf\":{\"@id\":\"https:\\\/\\\/www.asqt.ch\\\/#website\"},\"primaryImageOfPage\":{\"@id\":\"https:\\\/\\\/sgqt.ch\\\/ueber-qigong-taijiquan\\\/#primaryimage\"},\"image\":{\"@id\":\"https:\\\/\\\/sgqt.ch\\\/ueber-qigong-taijiquan\\\/#primaryimage\"},\"thumbnailUrl\":\"https:\\\/\\\/mail.sgqt.ch\\\/wp-content\\\/uploads\\\/2022\\\/03\\\/sgqt_ueberqigong_klein@2x.jpg\",\"datePublished\":\"2022-03-10T13:08:19+00:00\",\"dateModified\":\"2022-11-04T07:42:34+00:00\",\"breadcrumb\":{\"@id\":\"https:\\\/\\\/sgqt.ch\\\/ueber-qigong-taijiquan\\\/#breadcrumb\"},\"inLanguage\":\"fr-FR\",\"potentialAction\":[{\"@type\":\"ReadAction\",\"target\":[\"https:\\\/\\\/sgqt.ch\\\/ueber-qigong-taijiquan\\\/\"]}]},{\"@type\":\"ImageObject\",\"inLanguage\":\"fr-FR\",\"@id\":\"https:\\\/\\\/sgqt.ch\\\/ueber-qigong-taijiquan\\\/#primaryimage\",\"url\":\"https:\\\/\\\/mail.sgqt.ch\\\/wp-content\\\/uploads\\\/2022\\\/03\\\/sgqt_ueberqigong_klein@2x.jpg\",\"contentUrl\":\"https:\\\/\\\/mail.sgqt.ch\\\/wp-content\\\/uploads\\\/2022\\\/03\\\/sgqt_ueberqigong_klein@2x.jpg\",\"width\":800,\"height\":520},{\"@type\":\"BreadcrumbList\",\"@id\":\"https:\\\/\\\/sgqt.ch\\\/ueber-qigong-taijiquan\\\/#breadcrumb\",\"itemListElement\":[{\"@type\":\"ListItem\",\"position\":1,\"name\":\"Startseite\",\"item\":\"https:\\\/\\\/www.asqt.ch\\\/\"},{\"@type\":\"ListItem\",\"position\":2,\"name\":\"\u00dcber Qigong &#038; Taijiquan\"}]},{\"@type\":\"WebSite\",\"@id\":\"https:\\\/\\\/www.asqt.ch\\\/#website\",\"url\":\"https:\\\/\\\/www.asqt.ch\\\/\",\"name\":\"SGQT\",\"description\":\"\",\"potentialAction\":[{\"@type\":\"SearchAction\",\"target\":{\"@type\":\"EntryPoint\",\"urlTemplate\":\"https:\\\/\\\/www.asqt.ch\\\/?s={search_term_string}\"},\"query-input\":{\"@type\":\"PropertyValueSpecification\",\"valueRequired\":true,\"valueName\":\"search_term_string\"}}],\"inLanguage\":\"fr-FR\"}]}<\/script>\n<!-- \/ Yoast SEO plugin. -->","yoast_head_json":{"title":"\u00dcber Qigong & Taijiquan | SGQT","robots":{"index":"index","follow":"follow","max-snippet":"max-snippet:-1","max-image-preview":"max-image-preview:large","max-video-preview":"max-video-preview:-1"},"canonical":"https:\/\/sgqt.ch\/ueber-qigong-taijiquan\/","og_locale":"fr_FR","og_type":"article","og_title":"\u00dcber Qigong & Taijiquan | SGQT","og_description":"\u00dcber Qigong &amp; Taijiquan Qigong (Qi Gong, Chi Kung)Qigong ist eine chinesische Bezeichnung f\u00fcr alle \u00dcbungsformen, die mit Qi zu ... Read More","og_url":"https:\/\/sgqt.ch\/ueber-qigong-taijiquan\/","og_site_name":"SGQT","article_modified_time":"2022-11-04T07:42:34+00:00","og_image":[{"width":800,"height":520,"url":"https:\/\/sgqt.ch\/wp-content\/uploads\/2022\/03\/sgqt_ueberqigong_klein@2x.jpg","type":"image\/jpeg"}],"twitter_card":"summary_large_image","twitter_misc":{"Est. reading time":"1 minute"},"schema":{"@context":"https:\/\/schema.org","@graph":[{"@type":"WebPage","@id":"https:\/\/sgqt.ch\/ueber-qigong-taijiquan\/","url":"https:\/\/sgqt.ch\/ueber-qigong-taijiquan\/","name":"\u00dcber Qigong & Taijiquan | SGQT","isPartOf":{"@id":"https:\/\/www.asqt.ch\/#website"},"primaryImageOfPage":{"@id":"https:\/\/sgqt.ch\/ueber-qigong-taijiquan\/#primaryimage"},"image":{"@id":"https:\/\/sgqt.ch\/ueber-qigong-taijiquan\/#primaryimage"},"thumbnailUrl":"https:\/\/mail.sgqt.ch\/wp-content\/uploads\/2022\/03\/sgqt_ueberqigong_klein@2x.jpg","datePublished":"2022-03-10T13:08:19+00:00","dateModified":"2022-11-04T07:42:34+00:00","breadcrumb":{"@id":"https:\/\/sgqt.ch\/ueber-qigong-taijiquan\/#breadcrumb"},"inLanguage":"fr-FR","potentialAction":[{"@type":"ReadAction","target":["https:\/\/sgqt.ch\/ueber-qigong-taijiquan\/"]}]},{"@type":"ImageObject","inLanguage":"fr-FR","@id":"https:\/\/sgqt.ch\/ueber-qigong-taijiquan\/#primaryimage","url":"https:\/\/mail.sgqt.ch\/wp-content\/uploads\/2022\/03\/sgqt_ueberqigong_klein@2x.jpg","contentUrl":"https:\/\/mail.sgqt.ch\/wp-content\/uploads\/2022\/03\/sgqt_ueberqigong_klein@2x.jpg","width":800,"height":520},{"@type":"BreadcrumbList","@id":"https:\/\/sgqt.ch\/ueber-qigong-taijiquan\/#breadcrumb","itemListElement":[{"@type":"ListItem","position":1,"name":"Startseite","item":"https:\/\/www.asqt.ch\/"},{"@type":"ListItem","position":2,"name":"\u00dcber Qigong &#038; Taijiquan"}]},{"@type":"WebSite","@id":"https:\/\/www.asqt.ch\/#website","url":"https:\/\/www.asqt.ch\/","name":"ASQT","description":"","potentialAction":[{"@type":"SearchAction","target":{"@type":"EntryPoint","urlTemplate":"https:\/\/www.asqt.ch\/?s={search_term_string}"},"query-input":{"@type":"PropertyValueSpecification","valueRequired":true,"valueName":"search_term_string"}}],"inLanguage":"fr-FR"}]}},"_links":{"self":[{"href":"https:\/\/mail.sgqt.ch\/fr\/wp-json\/wp\/v2\/pages\/212","targetHints":{"allow":["GET"]}}],"collection":[{"href":"https:\/\/mail.sgqt.ch\/fr\/wp-json\/wp\/v2\/pages"}],"about":[{"href":"https:\/\/mail.sgqt.ch\/fr\/wp-json\/wp\/v2\/types\/page"}],"author":[{"embeddable":true,"href":"https:\/\/mail.sgqt.ch\/fr\/wp-json\/wp\/v2\/users\/1"}],"replies":[{"embeddable":true,"href":"https:\/\/mail.sgqt.ch\/fr\/wp-json\/wp\/v2\/comments?post=212"}],"version-history":[{"count":0,"href":"https:\/\/mail.sgqt.ch\/fr\/wp-json\/wp\/v2\/pages\/212\/revisions"}],"wp:featuredmedia":[{"embeddable":true,"href":"https:\/\/mail.sgqt.ch\/fr\/wp-json\/wp\/v2\/media\/324"}],"wp:attachment":[{"href":"https:\/\/mail.sgqt.ch\/fr\/wp-json\/wp\/v2\/media?parent=212"}],"curies":[{"name":"wp","href":"https:\/\/api.w.org\/{rel}","templated":true}]}}