{"id":212,"date":"2022-03-10T14:08:19","date_gmt":"2022-03-10T13:08:19","guid":{"rendered":"https:\/\/test.impulsis.ch\/sgqt\/?page_id=212"},"modified":"2022-11-04T08:42:34","modified_gmt":"2022-11-04T07:42:34","slug":"ueber-qigong-taijiquan","status":"publish","type":"page","link":"https:\/\/mail.sgqt.ch\/it\/ueber-qigong-taijiquan\/","title":{"rendered":"Qigong e Taijiquan"},"content":{"rendered":"<h1 class=\"wp-block-heading\">Qigong e Taijiquan<\/h1>\n\n\n\n<figure class=\"wp-block-image size-full\"><img loading=\"lazy\" decoding=\"async\" width=\"2080\" height=\"1362\" src=\"https:\/\/sgqt.ch\/wp-content\/uploads\/2022\/03\/ueberqigong_gross@2x.jpg\" alt=\"\" class=\"wp-image-295\" srcset=\"https:\/\/mail.sgqt.ch\/wp-content\/uploads\/2022\/03\/ueberqigong_gross@2x.jpg 2080w, https:\/\/mail.sgqt.ch\/wp-content\/uploads\/2022\/03\/ueberqigong_gross@2x-300x196.jpg 300w, https:\/\/mail.sgqt.ch\/wp-content\/uploads\/2022\/03\/ueberqigong_gross@2x-1024x671.jpg 1024w, https:\/\/mail.sgqt.ch\/wp-content\/uploads\/2022\/03\/ueberqigong_gross@2x-1536x1006.jpg 1536w, https:\/\/mail.sgqt.ch\/wp-content\/uploads\/2022\/03\/ueberqigong_gross@2x-2048x1341.jpg 2048w, https:\/\/mail.sgqt.ch\/wp-content\/uploads\/2022\/03\/ueberqigong_gross@2x-18x12.jpg 18w, https:\/\/mail.sgqt.ch\/wp-content\/uploads\/2022\/03\/ueberqigong_gross@2x-300x196@2x.jpg 600w, https:\/\/mail.sgqt.ch\/wp-content\/uploads\/2022\/03\/ueberqigong_gross@2x-18x12@2x.jpg 36w\" sizes=\"auto, (max-width: 2080px) 100vw, 2080px\" \/><\/figure>\n\n\n\n<p><mark style=\"background-color:rgba(0, 0, 0, 0)\" class=\"has-inline-color has-heading-text-color\">Qigong (Qi Gong, Chi Kung)<\/mark><br>Qigong \u00e8 la denominazione cinese per tutte le forme di esercizio che hanno a che fare con il Qi. Per sem-plificare possiamo dire che Qigong significa \u00ablavorare con il Qi\u00bb, \u00abindirizzare il Qi\u00bb o \u00abregolare il Qi\u00bb. Le forme di esercizio del Qigong si possono suddividere in esercizi a riposo ed esercizi in movimento. Ciascun esercizio agisce sul corpo, sulla mente e sulla sfera emotiva. In funzione dello scopo, si distinguono varie correnti come il Qigong medico, il Qigong per il mantenimento della salute (prevenzione), il Qigong per lo sviluppo personale e il Qigong per le arti marziali.<\/p>\n\n\n\n<p><a href=\"https:\/\/sgqt.ch\/wp-content\/uploads\/2023\/03\/SGQT_Qigong_PDF_i.pdf\">Ulteriori informazioni sul Qigong (PDF)<\/a><\/p>\n\n\n\n<p><mark style=\"background-color:rgba(0, 0, 0, 0)\" class=\"has-inline-color has-heading-text-color\">Taijiquan (Taiji, Tai Ji, Tai Chi)<\/mark><br>Nato originariamente nel 17\u00b0 secolo in Cina come arte marziale, nel frattempo i movimenti morbidi e de-licati del Taijiquan sono praticati in tutto il mondo, da giovani e meno giovani, come forma di movimento meditativa e salutare.<\/p>\n\n\n\n<p>Il Taijiquan potenzia la forza vitale e stimola la circolazione sanguigna. Incentiva inoltre la mobilit\u00e0, la coordinazione e l\u2019equilibrio. La pratica regolare del Taijiquan sviluppa un\u2019azione sedimentante e riequili-brante delle tensioni nonch\u00e9 un\u2019azione fortemente centrata su corpo e spirito.<\/p>\n\n\n\n<p><a href=\"https:\/\/sgqt.ch\/wp-content\/uploads\/2023\/03\/SGQT_Taiji_PDF_i.pdf\">Ulteriori informazioni sul Taijiquan (PDF)<\/a><\/p>","protected":false},"excerpt":{"rendered":"<p>\u00dcber Qigong &amp; Taijiquan Qigong (Qi Gong, Chi Kung)Qigong ist eine chinesische Bezeichnung f\u00fcr alle \u00dcbungsformen, die mit Qi zu &#8230; <br \/><a class=\"read-more\" href=\"https:\/\/mail.sgqt.ch\/it\/ueber-qigong-taijiquan\/\">Read More<\/a><\/p>","protected":false},"author":1,"featured_media":324,"parent":0,"menu_order":20,"comment_status":"closed","ping_status":"closed","template":"","meta":{"_acf_changed":false,"footnotes":""},"class_list":["post-212","page","type-page","status-publish","has-post-thumbnail","hentry"],"acf":[],"yoast_head":"<!-- This site is optimized with the Yoast SEO plugin v27.4 - https:\/\/yoast.com\/product\/yoast-seo-wordpress\/ -->\n<title>\u00dcber Qigong &amp; Taijiquan | SGQT<\/title>\n<meta name=\"robots\" content=\"index, follow, max-snippet:-1, max-image-preview:large, max-video-preview:-1\" \/>\n<link rel=\"canonical\" href=\"https:\/\/sgqt.ch\/fr\/ueber-qigong-taijiquan\/\" \/>\n<meta property=\"og:locale\" content=\"it_IT\" \/>\n<meta property=\"og:type\" content=\"article\" \/>\n<meta property=\"og:title\" content=\"\u00dcber Qigong &amp; Taijiquan | SGQT\" \/>\n<meta property=\"og:description\" content=\"\u00dcber Qigong &amp; Taijiquan Qigong (Qi Gong, Chi Kung)Qigong ist eine chinesische Bezeichnung f\u00fcr alle \u00dcbungsformen, die mit Qi zu ... Read More\" \/>\n<meta property=\"og:url\" content=\"https:\/\/sgqt.ch\/fr\/ueber-qigong-taijiquan\/\" \/>\n<meta property=\"og:site_name\" content=\"SGQT\" \/>\n<meta property=\"article:modified_time\" content=\"2022-11-04T07:42:34+00:00\" \/>\n<meta property=\"og:image\" content=\"https:\/\/sgqt.ch\/wp-content\/uploads\/2022\/03\/sgqt_ueberqigong_klein@2x.jpg\" \/>\n\t<meta property=\"og:image:width\" content=\"800\" \/>\n\t<meta property=\"og:image:height\" content=\"520\" \/>\n\t<meta property=\"og:image:type\" content=\"image\/jpeg\" \/>\n<meta name=\"twitter:card\" content=\"summary_large_image\" \/>\n<meta name=\"twitter:label1\" content=\"Est. reading time\" \/>\n\t<meta name=\"twitter:data1\" content=\"1 minute\" \/>\n<script type=\"application\/ld+json\" class=\"yoast-schema-graph\">{\"@context\":\"https:\\\/\\\/schema.org\",\"@graph\":[{\"@type\":\"WebPage\",\"@id\":\"https:\\\/\\\/sgqt.ch\\\/fr\\\/ueber-qigong-taijiquan\\\/\",\"url\":\"https:\\\/\\\/sgqt.ch\\\/fr\\\/ueber-qigong-taijiquan\\\/\",\"name\":\"\u00dcber Qigong & Taijiquan | SGQT\",\"isPartOf\":{\"@id\":\"https:\\\/\\\/sgqt.ch\\\/fr\\\/#website\"},\"primaryImageOfPage\":{\"@id\":\"https:\\\/\\\/sgqt.ch\\\/fr\\\/ueber-qigong-taijiquan\\\/#primaryimage\"},\"image\":{\"@id\":\"https:\\\/\\\/sgqt.ch\\\/fr\\\/ueber-qigong-taijiquan\\\/#primaryimage\"},\"thumbnailUrl\":\"https:\\\/\\\/mail.sgqt.ch\\\/wp-content\\\/uploads\\\/2022\\\/03\\\/sgqt_ueberqigong_klein@2x.jpg\",\"datePublished\":\"2022-03-10T13:08:19+00:00\",\"dateModified\":\"2022-11-04T07:42:34+00:00\",\"breadcrumb\":{\"@id\":\"https:\\\/\\\/sgqt.ch\\\/fr\\\/ueber-qigong-taijiquan\\\/#breadcrumb\"},\"inLanguage\":\"it-IT\",\"potentialAction\":[{\"@type\":\"ReadAction\",\"target\":[\"https:\\\/\\\/sgqt.ch\\\/fr\\\/ueber-qigong-taijiquan\\\/\"]}]},{\"@type\":\"ImageObject\",\"inLanguage\":\"it-IT\",\"@id\":\"https:\\\/\\\/sgqt.ch\\\/fr\\\/ueber-qigong-taijiquan\\\/#primaryimage\",\"url\":\"https:\\\/\\\/mail.sgqt.ch\\\/wp-content\\\/uploads\\\/2022\\\/03\\\/sgqt_ueberqigong_klein@2x.jpg\",\"contentUrl\":\"https:\\\/\\\/mail.sgqt.ch\\\/wp-content\\\/uploads\\\/2022\\\/03\\\/sgqt_ueberqigong_klein@2x.jpg\",\"width\":800,\"height\":520},{\"@type\":\"BreadcrumbList\",\"@id\":\"https:\\\/\\\/sgqt.ch\\\/fr\\\/ueber-qigong-taijiquan\\\/#breadcrumb\",\"itemListElement\":[{\"@type\":\"ListItem\",\"position\":1,\"name\":\"Startseite\",\"item\":\"https:\\\/\\\/sgqt.ch\\\/fr\\\/\"},{\"@type\":\"ListItem\",\"position\":2,\"name\":\"\u00dcber Qigong &#038; Taijiquan\"}]},{\"@type\":\"WebSite\",\"@id\":\"https:\\\/\\\/sgqt.ch\\\/fr\\\/#website\",\"url\":\"https:\\\/\\\/sgqt.ch\\\/fr\\\/\",\"name\":\"SGQT\",\"description\":\"\",\"potentialAction\":[{\"@type\":\"SearchAction\",\"target\":{\"@type\":\"EntryPoint\",\"urlTemplate\":\"https:\\\/\\\/sgqt.ch\\\/fr\\\/?s={search_term_string}\"},\"query-input\":{\"@type\":\"PropertyValueSpecification\",\"valueRequired\":true,\"valueName\":\"search_term_string\"}}],\"inLanguage\":\"it-IT\"}]}<\/script>\n<!-- \/ Yoast SEO plugin. -->","yoast_head_json":{"title":"\u00dcber Qigong & Taijiquan | SGQT","robots":{"index":"index","follow":"follow","max-snippet":"max-snippet:-1","max-image-preview":"max-image-preview:large","max-video-preview":"max-video-preview:-1"},"canonical":"https:\/\/sgqt.ch\/fr\/ueber-qigong-taijiquan\/","og_locale":"it_IT","og_type":"article","og_title":"\u00dcber Qigong & Taijiquan | SGQT","og_description":"\u00dcber Qigong &amp; Taijiquan Qigong (Qi Gong, Chi Kung)Qigong ist eine chinesische Bezeichnung f\u00fcr alle \u00dcbungsformen, die mit Qi zu ... Read More","og_url":"https:\/\/sgqt.ch\/fr\/ueber-qigong-taijiquan\/","og_site_name":"SGQT","article_modified_time":"2022-11-04T07:42:34+00:00","og_image":[{"width":800,"height":520,"url":"https:\/\/sgqt.ch\/wp-content\/uploads\/2022\/03\/sgqt_ueberqigong_klein@2x.jpg","type":"image\/jpeg"}],"twitter_card":"summary_large_image","twitter_misc":{"Est. reading time":"1 minute"},"schema":{"@context":"https:\/\/schema.org","@graph":[{"@type":"WebPage","@id":"https:\/\/sgqt.ch\/fr\/ueber-qigong-taijiquan\/","url":"https:\/\/sgqt.ch\/fr\/ueber-qigong-taijiquan\/","name":"\u00dcber Qigong & Taijiquan | SGQT","isPartOf":{"@id":"https:\/\/sgqt.ch\/fr\/#website"},"primaryImageOfPage":{"@id":"https:\/\/sgqt.ch\/fr\/ueber-qigong-taijiquan\/#primaryimage"},"image":{"@id":"https:\/\/sgqt.ch\/fr\/ueber-qigong-taijiquan\/#primaryimage"},"thumbnailUrl":"https:\/\/mail.sgqt.ch\/wp-content\/uploads\/2022\/03\/sgqt_ueberqigong_klein@2x.jpg","datePublished":"2022-03-10T13:08:19+00:00","dateModified":"2022-11-04T07:42:34+00:00","breadcrumb":{"@id":"https:\/\/sgqt.ch\/fr\/ueber-qigong-taijiquan\/#breadcrumb"},"inLanguage":"it-IT","potentialAction":[{"@type":"ReadAction","target":["https:\/\/sgqt.ch\/fr\/ueber-qigong-taijiquan\/"]}]},{"@type":"ImageObject","inLanguage":"it-IT","@id":"https:\/\/sgqt.ch\/fr\/ueber-qigong-taijiquan\/#primaryimage","url":"https:\/\/mail.sgqt.ch\/wp-content\/uploads\/2022\/03\/sgqt_ueberqigong_klein@2x.jpg","contentUrl":"https:\/\/mail.sgqt.ch\/wp-content\/uploads\/2022\/03\/sgqt_ueberqigong_klein@2x.jpg","width":800,"height":520},{"@type":"BreadcrumbList","@id":"https:\/\/sgqt.ch\/fr\/ueber-qigong-taijiquan\/#breadcrumb","itemListElement":[{"@type":"ListItem","position":1,"name":"Startseite","item":"https:\/\/sgqt.ch\/fr\/"},{"@type":"ListItem","position":2,"name":"\u00dcber Qigong &#038; Taijiquan"}]},{"@type":"WebSite","@id":"https:\/\/sgqt.ch\/fr\/#website","url":"https:\/\/sgqt.ch\/fr\/","name":"SGQT","description":"","potentialAction":[{"@type":"SearchAction","target":{"@type":"EntryPoint","urlTemplate":"https:\/\/sgqt.ch\/fr\/?s={search_term_string}"},"query-input":{"@type":"PropertyValueSpecification","valueRequired":true,"valueName":"search_term_string"}}],"inLanguage":"it-IT"}]}},"_links":{"self":[{"href":"https:\/\/mail.sgqt.ch\/it\/wp-json\/wp\/v2\/pages\/212","targetHints":{"allow":["GET"]}}],"collection":[{"href":"https:\/\/mail.sgqt.ch\/it\/wp-json\/wp\/v2\/pages"}],"about":[{"href":"https:\/\/mail.sgqt.ch\/it\/wp-json\/wp\/v2\/types\/page"}],"author":[{"embeddable":true,"href":"https:\/\/mail.sgqt.ch\/it\/wp-json\/wp\/v2\/users\/1"}],"replies":[{"embeddable":true,"href":"https:\/\/mail.sgqt.ch\/it\/wp-json\/wp\/v2\/comments?post=212"}],"version-history":[{"count":0,"href":"https:\/\/mail.sgqt.ch\/it\/wp-json\/wp\/v2\/pages\/212\/revisions"}],"wp:featuredmedia":[{"embeddable":true,"href":"https:\/\/mail.sgqt.ch\/it\/wp-json\/wp\/v2\/media\/324"}],"wp:attachment":[{"href":"https:\/\/mail.sgqt.ch\/it\/wp-json\/wp\/v2\/media?parent=212"}],"curies":[{"name":"wp","href":"https:\/\/api.w.org\/{rel}","templated":true}]}}