{"id":552,"date":"2022-04-07T15:05:49","date_gmt":"2022-04-07T13:05:49","guid":{"rendered":"https:\/\/test.impulsis.ch\/sgqt\/?page_id=552"},"modified":"2026-02-11T09:14:52","modified_gmt":"2026-02-11T08:14:52","slug":"impressum","status":"publish","type":"page","link":"https:\/\/mail.sgqt.ch\/it\/impressum\/","title":{"rendered":"Impronta"},"content":{"rendered":"<h1 class=\"wp-block-heading\">Impronta<\/h1>\n\n\n\n<p><strong>Responsabile del sito web:<\/strong><\/p>\n\n\n\n<p>SGQT<br>ASQT\t\nAssociazione Svizzera per il Qigong e il Taijiquan\nZurigo, Svizzera<br>Z\u00fcrich, Schweiz&nbsp;<\/p>\n\n\n\n<p>Contatto:&nbsp;<a href=\"mailto:info@sgqt.ch\">info@sgqt.ch<\/a><\/p>\n\n\n\n<p>Vertretungsberechtigte Person: Fredy Buttauer<\/p>\n\n\n\n<p>Foto sito web&nbsp;<a href=\"https:\/\/hpbaertschi.ch\/\">Hanspeter B\u00e4rtschi<\/a><\/p>\n\n\n\n<p><br><br><strong>Esclusione di responsabilit\u00e0<\/strong><br>Gli autori non forniscono alcuna garanzia circa la correttezza, l\u2019esattezza, l\u2019attualit\u00e0, l\u2019affidabilit\u00e0 e la completezza delle informazioni.<br>\u00c8 esclusa qualsiasi pretesa di responsabilit\u00e0 nei confronti degli autori per danni di carattere materiale o immateriale derivanti dall\u2019accesso o dall\u2019utilizzo e\/o dal mancato utilizzo delle informazioni pubblicate, dall\u2019abuso della connessione o da guasti tecnici.<br><br>Tutte le offerte sono da considerarsi non vincolanti. Gli autori si riservano espressamente il diritto di mo-dificare, integrare, cancellare parti del sito oppure l\u2019intera offerta nonch\u00e9 di sospenderne temporanea-mente o definitivamente la pubblicazione senza alcun preavviso.<br><br><strong>Esclusione di responsabilit\u00e0 per contenuti e link<\/strong><br>Rimandi e link a pagine web di terzi esulano dal nostro ambito di responsabilit\u00e0. Decliniamo qualsiasi re-sponsabilit\u00e0 per tali siti web. L\u2019accesso e l\u2019utilizzo di tali siti sono a esclusivo rischio del singolo utente.<br><br><strong>Dichiarazione di sul diritto d\u2019autore<\/strong><br>I diritti d\u2019autore e ogni altro diritto su contenuti, immagini, foto o altri file presenti su questo sito web appartengono esclusivamente all\u2019ASQT o ai rispettivi titolari specificatamente indicati. La riproduzione di qualsivoglia elemento \u00e8 consentita previa approvazione scritta da parte del titolare del diritto d\u2019autore.<br><br><strong>Fonte<\/strong>:&nbsp;<a href=\"https:\/\/brainbox.swiss\/\">BrainBox Solutions<\/a><\/p>","protected":false},"excerpt":{"rendered":"<p>Impressum Verantwortlich f\u00fcr die Webseite: SGQTSchweizerische Gesellschaft f\u00fcr Qigong und TaijiquanZ\u00fcrich, Schweiz&nbsp; Kontakt:&nbsp;info@sgqt.ch Vertretungsberechtigte Person: Fredy Buttauer Fotos Webseite:&nbsp;Hanspeter B\u00e4rtschi &#8230; <br \/><a class=\"read-more\" href=\"https:\/\/mail.sgqt.ch\/it\/impressum\/\">Read More<\/a><\/p>","protected":false},"author":1,"featured_media":0,"parent":0,"menu_order":120,"comment_status":"closed","ping_status":"closed","template":"","meta":{"_acf_changed":false,"footnotes":""},"class_list":["post-552","page","type-page","status-publish","hentry"],"acf":[],"yoast_head":"<!-- This site is optimized with the Yoast SEO plugin v27.5 - https:\/\/yoast.com\/product\/yoast-seo-wordpress\/ -->\n<title>Impressum | SGQT<\/title>\n<meta name=\"robots\" content=\"index, follow, max-snippet:-1, max-image-preview:large, max-video-preview:-1\" \/>\n<link rel=\"canonical\" href=\"https:\/\/www.sgqt.ch\/impressum\/\" \/>\n<meta property=\"og:locale\" content=\"it_IT\" \/>\n<meta property=\"og:type\" content=\"article\" \/>\n<meta property=\"og:title\" content=\"Impressum | SGQT\" \/>\n<meta property=\"og:description\" content=\"Impressum Verantwortlich f\u00fcr die Webseite: SGQTSchweizerische Gesellschaft f\u00fcr Qigong und TaijiquanZ\u00fcrich, Schweiz&nbsp; Kontakt:&nbsp;info@sgqt.ch Vertretungsberechtigte Person: Fredy Buttauer Fotos Webseite:&nbsp;Hanspeter B\u00e4rtschi ... Read More\" \/>\n<meta property=\"og:url\" content=\"https:\/\/www.sgqt.ch\/impressum\/\" \/>\n<meta property=\"og:site_name\" content=\"SGQT\" \/>\n<meta property=\"article:modified_time\" content=\"2026-02-11T08:14:52+00:00\" \/>\n<meta name=\"twitter:card\" content=\"summary_large_image\" \/>\n<meta name=\"twitter:label1\" content=\"Est. reading time\" \/>\n\t<meta name=\"twitter:data1\" content=\"2 minutes\" \/>\n<script type=\"application\/ld+json\" class=\"yoast-schema-graph\">{\"@context\":\"https:\\\/\\\/schema.org\",\"@graph\":[{\"@type\":\"WebPage\",\"@id\":\"https:\\\/\\\/www.sgqt.ch\\\/impressum\\\/\",\"url\":\"https:\\\/\\\/www.sgqt.ch\\\/impressum\\\/\",\"name\":\"Impressum | SGQT\",\"isPartOf\":{\"@id\":\"http:\\\/\\\/sgqt.asqt.ch\\\/it\\\/#website\"},\"datePublished\":\"2022-04-07T13:05:49+00:00\",\"dateModified\":\"2026-02-11T08:14:52+00:00\",\"breadcrumb\":{\"@id\":\"https:\\\/\\\/www.sgqt.ch\\\/impressum\\\/#breadcrumb\"},\"inLanguage\":\"it-IT\",\"potentialAction\":[{\"@type\":\"ReadAction\",\"target\":[\"https:\\\/\\\/www.sgqt.ch\\\/impressum\\\/\"]}]},{\"@type\":\"BreadcrumbList\",\"@id\":\"https:\\\/\\\/www.sgqt.ch\\\/impressum\\\/#breadcrumb\",\"itemListElement\":[{\"@type\":\"ListItem\",\"position\":1,\"name\":\"Startseite\",\"item\":\"http:\\\/\\\/sgqt.asqt.ch\\\/it\\\/\"},{\"@type\":\"ListItem\",\"position\":2,\"name\":\"Impressum\"}]},{\"@type\":\"WebSite\",\"@id\":\"http:\\\/\\\/sgqt.asqt.ch\\\/it\\\/#website\",\"url\":\"http:\\\/\\\/sgqt.asqt.ch\\\/it\\\/\",\"name\":\"SGQT\",\"description\":\"\",\"potentialAction\":[{\"@type\":\"SearchAction\",\"target\":{\"@type\":\"EntryPoint\",\"urlTemplate\":\"http:\\\/\\\/sgqt.asqt.ch\\\/it\\\/?s={search_term_string}\"},\"query-input\":{\"@type\":\"PropertyValueSpecification\",\"valueRequired\":true,\"valueName\":\"search_term_string\"}}],\"inLanguage\":\"it-IT\"}]}<\/script>\n<!-- \/ Yoast SEO plugin. -->","yoast_head_json":{"title":"Impressum | SGQT","robots":{"index":"index","follow":"follow","max-snippet":"max-snippet:-1","max-image-preview":"max-image-preview:large","max-video-preview":"max-video-preview:-1"},"canonical":"https:\/\/www.sgqt.ch\/impressum\/","og_locale":"it_IT","og_type":"article","og_title":"Impressum | SGQT","og_description":"Impressum Verantwortlich f\u00fcr die Webseite: SGQTSchweizerische Gesellschaft f\u00fcr Qigong und TaijiquanZ\u00fcrich, Schweiz&nbsp; Kontakt:&nbsp;info@sgqt.ch Vertretungsberechtigte Person: Fredy Buttauer Fotos Webseite:&nbsp;Hanspeter B\u00e4rtschi ... Read More","og_url":"https:\/\/www.sgqt.ch\/impressum\/","og_site_name":"SGQT","article_modified_time":"2026-02-11T08:14:52+00:00","twitter_card":"summary_large_image","twitter_misc":{"Est. reading time":"2 minutes"},"schema":{"@context":"https:\/\/schema.org","@graph":[{"@type":"WebPage","@id":"https:\/\/www.sgqt.ch\/impressum\/","url":"https:\/\/www.sgqt.ch\/impressum\/","name":"Impressum | SGQT","isPartOf":{"@id":"http:\/\/sgqt.asqt.ch\/it\/#website"},"datePublished":"2022-04-07T13:05:49+00:00","dateModified":"2026-02-11T08:14:52+00:00","breadcrumb":{"@id":"https:\/\/www.sgqt.ch\/impressum\/#breadcrumb"},"inLanguage":"it-IT","potentialAction":[{"@type":"ReadAction","target":["https:\/\/www.sgqt.ch\/impressum\/"]}]},{"@type":"BreadcrumbList","@id":"https:\/\/www.sgqt.ch\/impressum\/#breadcrumb","itemListElement":[{"@type":"ListItem","position":1,"name":"Startseite","item":"http:\/\/sgqt.asqt.ch\/it\/"},{"@type":"ListItem","position":2,"name":"Impressum"}]},{"@type":"WebSite","@id":"http:\/\/sgqt.asqt.ch\/it\/#website","url":"http:\/\/sgqt.asqt.ch\/it\/","name":"SGQT","description":"","potentialAction":[{"@type":"SearchAction","target":{"@type":"EntryPoint","urlTemplate":"http:\/\/sgqt.asqt.ch\/it\/?s={search_term_string}"},"query-input":{"@type":"PropertyValueSpecification","valueRequired":true,"valueName":"search_term_string"}}],"inLanguage":"it-IT"}]}},"_links":{"self":[{"href":"https:\/\/mail.sgqt.ch\/it\/wp-json\/wp\/v2\/pages\/552","targetHints":{"allow":["GET"]}}],"collection":[{"href":"https:\/\/mail.sgqt.ch\/it\/wp-json\/wp\/v2\/pages"}],"about":[{"href":"https:\/\/mail.sgqt.ch\/it\/wp-json\/wp\/v2\/types\/page"}],"author":[{"embeddable":true,"href":"https:\/\/mail.sgqt.ch\/it\/wp-json\/wp\/v2\/users\/1"}],"replies":[{"embeddable":true,"href":"https:\/\/mail.sgqt.ch\/it\/wp-json\/wp\/v2\/comments?post=552"}],"version-history":[{"count":1,"href":"https:\/\/mail.sgqt.ch\/it\/wp-json\/wp\/v2\/pages\/552\/revisions"}],"predecessor-version":[{"id":1935,"href":"https:\/\/mail.sgqt.ch\/it\/wp-json\/wp\/v2\/pages\/552\/revisions\/1935"}],"wp:attachment":[{"href":"https:\/\/mail.sgqt.ch\/it\/wp-json\/wp\/v2\/media?parent=552"}],"curies":[{"name":"wp","href":"https:\/\/api.w.org\/{rel}","templated":true}]}}